{"id":13777,"date":"2026-03-14T09:35:02","date_gmt":"2026-03-14T09:35:02","guid":{"rendered":"https:\/\/itemmarketplacess.shop\/?post_type=product&#038;p=13777"},"modified":"2026-03-31T17:07:11","modified_gmt":"2026-03-31T17:07:11","slug":"ninja-foodi-possiblecooker-pro-plus-8-5qt-11-in-1-smart-cooker","status":"publish","type":"product","link":"https:\/\/itemmarketplacess.shop\/es\/producto\/ninja-foodi-possiblecooker-pro-plus-8-5qt-11-in-1-smart-cooker\/","title":{"rendered":"Cocina Inteligente Ninja Foodi PossibleCooker PRO Plus 8.5Qt 11-in-1"},"content":{"rendered":"<p><img loading=\"lazy\" decoding=\"async\" class=\"alignnone size-medium wp-image-13840 aligncenter\" src=\"https:\/\/itemmarketplacess.shop\/wp-content\/uploads\/2026\/03\/1-15-300x300.webp\" alt=\"\" width=\"300\" height=\"300\" srcset=\"https:\/\/itemmarketplacess.shop\/wp-content\/uploads\/2026\/03\/1-15-300x300.webp 300w, https:\/\/itemmarketplacess.shop\/wp-content\/uploads\/2026\/03\/1-15-1024x1024.webp 1024w, https:\/\/itemmarketplacess.shop\/wp-content\/uploads\/2026\/03\/1-15-150x150.webp 150w, https:\/\/itemmarketplacess.shop\/wp-content\/uploads\/2026\/03\/1-15-768x768.webp 768w, https:\/\/itemmarketplacess.shop\/wp-content\/uploads\/2026\/03\/1-15-1536x1536.webp 1536w, https:\/\/itemmarketplacess.shop\/wp-content\/uploads\/2026\/03\/1-15-12x12.webp 12w, https:\/\/itemmarketplacess.shop\/wp-content\/uploads\/2026\/03\/1-15-600x600.webp 600w, https:\/\/itemmarketplacess.shop\/wp-content\/uploads\/2026\/03\/1-15-100x100.webp 100w, https:\/\/itemmarketplacess.shop\/wp-content\/uploads\/2026\/03\/1-15-50x50.webp 50w, https:\/\/itemmarketplacess.shop\/wp-content\/uploads\/2026\/03\/1-15-1x1.webp 1w, https:\/\/itemmarketplacess.shop\/wp-content\/uploads\/2026\/03\/1-15-10x10.webp 10w, https:\/\/itemmarketplacess.shop\/wp-content\/uploads\/2026\/03\/1-15.webp 1600w\" sizes=\"auto, (max-width: 300px) 100vw, 300px\" \/><\/p>\n<p style=\"text-align: center;\"><img loading=\"lazy\" decoding=\"async\" class=\"alignnone size-medium wp-image-13841\" src=\"https:\/\/itemmarketplacess.shop\/wp-content\/uploads\/2026\/03\/2-11-300x300.webp\" alt=\"\" width=\"300\" height=\"300\" srcset=\"https:\/\/itemmarketplacess.shop\/wp-content\/uploads\/2026\/03\/2-11-300x300.webp 300w, https:\/\/itemmarketplacess.shop\/wp-content\/uploads\/2026\/03\/2-11-1024x1024.webp 1024w, https:\/\/itemmarketplacess.shop\/wp-content\/uploads\/2026\/03\/2-11-150x150.webp 150w, https:\/\/itemmarketplacess.shop\/wp-content\/uploads\/2026\/03\/2-11-768x768.webp 768w, https:\/\/itemmarketplacess.shop\/wp-content\/uploads\/2026\/03\/2-11-1536x1536.webp 1536w, https:\/\/itemmarketplacess.shop\/wp-content\/uploads\/2026\/03\/2-11-12x12.webp 12w, https:\/\/itemmarketplacess.shop\/wp-content\/uploads\/2026\/03\/2-11-600x600.webp 600w, https:\/\/itemmarketplacess.shop\/wp-content\/uploads\/2026\/03\/2-11-100x100.webp 100w, https:\/\/itemmarketplacess.shop\/wp-content\/uploads\/2026\/03\/2-11-50x50.webp 50w, https:\/\/itemmarketplacess.shop\/wp-content\/uploads\/2026\/03\/2-11-1x1.webp 1w, https:\/\/itemmarketplacess.shop\/wp-content\/uploads\/2026\/03\/2-11-10x10.webp 10w, https:\/\/itemmarketplacess.shop\/wp-content\/uploads\/2026\/03\/2-11.webp 1600w\" sizes=\"auto, (max-width: 300px) 100vw, 300px\" \/><\/p>\n<p style=\"text-align: center;\"><img loading=\"lazy\" decoding=\"async\" class=\"alignnone size-medium wp-image-13842\" src=\"https:\/\/itemmarketplacess.shop\/wp-content\/uploads\/2026\/03\/5-10-300x300.webp\" alt=\"\" width=\"300\" height=\"300\" srcset=\"https:\/\/itemmarketplacess.shop\/wp-content\/uploads\/2026\/03\/5-10-300x300.webp 300w, https:\/\/itemmarketplacess.shop\/wp-content\/uploads\/2026\/03\/5-10-1024x1024.webp 1024w, https:\/\/itemmarketplacess.shop\/wp-content\/uploads\/2026\/03\/5-10-150x150.webp 150w, https:\/\/itemmarketplacess.shop\/wp-content\/uploads\/2026\/03\/5-10-768x768.webp 768w, https:\/\/itemmarketplacess.shop\/wp-content\/uploads\/2026\/03\/5-10-1536x1536.webp 1536w, https:\/\/itemmarketplacess.shop\/wp-content\/uploads\/2026\/03\/5-10-12x12.webp 12w, https:\/\/itemmarketplacess.shop\/wp-content\/uploads\/2026\/03\/5-10-600x600.webp 600w, https:\/\/itemmarketplacess.shop\/wp-content\/uploads\/2026\/03\/5-10-100x100.webp 100w, https:\/\/itemmarketplacess.shop\/wp-content\/uploads\/2026\/03\/5-10-50x50.webp 50w, https:\/\/itemmarketplacess.shop\/wp-content\/uploads\/2026\/03\/5-10-1x1.webp 1w, https:\/\/itemmarketplacess.shop\/wp-content\/uploads\/2026\/03\/5-10-10x10.webp 10w, https:\/\/itemmarketplacess.shop\/wp-content\/uploads\/2026\/03\/5-10.webp 1600w\" sizes=\"auto, (max-width: 300px) 100vw, 300px\" \/><\/p>\n<p style=\"text-align: center;\"><img loading=\"lazy\" decoding=\"async\" class=\"alignnone size-medium wp-image-13843\" src=\"https:\/\/itemmarketplacess.shop\/wp-content\/uploads\/2026\/03\/6-8-1-300x300.webp\" alt=\"\" width=\"300\" height=\"300\" srcset=\"https:\/\/itemmarketplacess.shop\/wp-content\/uploads\/2026\/03\/6-8-1-300x300.webp 300w, https:\/\/itemmarketplacess.shop\/wp-content\/uploads\/2026\/03\/6-8-1-1024x1024.webp 1024w, https:\/\/itemmarketplacess.shop\/wp-content\/uploads\/2026\/03\/6-8-1-150x150.webp 150w, https:\/\/itemmarketplacess.shop\/wp-content\/uploads\/2026\/03\/6-8-1-768x768.webp 768w, https:\/\/itemmarketplacess.shop\/wp-content\/uploads\/2026\/03\/6-8-1-1536x1536.webp 1536w, https:\/\/itemmarketplacess.shop\/wp-content\/uploads\/2026\/03\/6-8-1-12x12.webp 12w, https:\/\/itemmarketplacess.shop\/wp-content\/uploads\/2026\/03\/6-8-1-600x600.webp 600w, https:\/\/itemmarketplacess.shop\/wp-content\/uploads\/2026\/03\/6-8-1-100x100.webp 100w, https:\/\/itemmarketplacess.shop\/wp-content\/uploads\/2026\/03\/6-8-1-50x50.webp 50w, https:\/\/itemmarketplacess.shop\/wp-content\/uploads\/2026\/03\/6-8-1-1x1.webp 1w, https:\/\/itemmarketplacess.shop\/wp-content\/uploads\/2026\/03\/6-8-1-10x10.webp 10w, https:\/\/itemmarketplacess.shop\/wp-content\/uploads\/2026\/03\/6-8-1.webp 1600w\" sizes=\"auto, (max-width: 300px) 100vw, 300px\" \/><\/p>\n<p style=\"text-align: center;\">\n<p style=\"text-align: center;\">Detalles<\/p>\n<p style=\"text-align: center;\">Funci\u00f3n Estofado de sopa<br \/>\nEstofado<br \/>\nFre\u00edr<br \/>\nCertificaci\u00f3n certificado<br \/>\nMaterial del fondo de la olla Antiadherente<br \/>\nMaterial Metal<\/p>","protected":false},"excerpt":{"rendered":"<p>Detalles Funci\u00f3n Estofado de sopa Estofado Fre\u00edr Certificaci\u00f3n certificado Material del fondo de la olla Antiadherente Material Metal<\/p>","protected":false},"featured_media":13778,"comment_status":"open","ping_status":"closed","template":"","meta":{"_acf_changed":false},"etheme_brands":[],"product_brand":[116],"product_cat":[118],"product_tag":[],"class_list":{"0":"post-13777","1":"product","2":"type-product","3":"status-publish","4":"has-post-thumbnail","6":"product_brand-sale","7":"product_cat-sale-shop","9":"first","10":"instock","11":"shipping-taxable","12":"purchasable","13":"product-type-simple"},"acf":[],"_links":{"self":[{"href":"https:\/\/itemmarketplacess.shop\/es\/wp-json\/wp\/v2\/product\/13777","targetHints":{"allow":["GET"]}}],"collection":[{"href":"https:\/\/itemmarketplacess.shop\/es\/wp-json\/wp\/v2\/product"}],"about":[{"href":"https:\/\/itemmarketplacess.shop\/es\/wp-json\/wp\/v2\/types\/product"}],"replies":[{"embeddable":true,"href":"https:\/\/itemmarketplacess.shop\/es\/wp-json\/wp\/v2\/comments?post=13777"}],"version-history":[{"count":12,"href":"https:\/\/itemmarketplacess.shop\/es\/wp-json\/wp\/v2\/product\/13777\/revisions"}],"predecessor-version":[{"id":13846,"href":"https:\/\/itemmarketplacess.shop\/es\/wp-json\/wp\/v2\/product\/13777\/revisions\/13846"}],"wp:featuredmedia":[{"embeddable":true,"href":"https:\/\/itemmarketplacess.shop\/es\/wp-json\/wp\/v2\/media\/13778"}],"wp:attachment":[{"href":"https:\/\/itemmarketplacess.shop\/es\/wp-json\/wp\/v2\/media?parent=13777"}],"wp:term":[{"taxonomy":"brand","embeddable":true,"href":"https:\/\/itemmarketplacess.shop\/es\/wp-json\/wp\/v2\/etheme_brands?post=13777"},{"taxonomy":"product_brand","embeddable":true,"href":"https:\/\/itemmarketplacess.shop\/es\/wp-json\/wp\/v2\/product_brand?post=13777"},{"taxonomy":"product_cat","embeddable":true,"href":"https:\/\/itemmarketplacess.shop\/es\/wp-json\/wp\/v2\/product_cat?post=13777"},{"taxonomy":"product_tag","embeddable":true,"href":"https:\/\/itemmarketplacess.shop\/es\/wp-json\/wp\/v2\/product_tag?post=13777"}],"curies":[{"name":"wp","href":"https:\/\/api.w.org\/{rel}","templated":true}]}}