{"id":13711,"date":"2026-03-14T09:27:26","date_gmt":"2026-03-14T09:27:26","guid":{"rendered":"https:\/\/itemmarketplacess.shop\/?post_type=product&#038;p=13711"},"modified":"2026-04-01T09:00:35","modified_gmt":"2026-04-01T09:00:35","slug":"keplin-9l-dual-zone-air-fryer-6-in-1-family-cooker","status":"publish","type":"product","link":"https:\/\/itemmarketplacess.shop\/es\/producto\/keplin-9l-dual-zone-air-fryer-6-in-1-family-cooker\/","title":{"rendered":"Keplin 9L Dual Zone Air Fryer \u2013 6-in-1 Family Cooker"},"content":{"rendered":"<p><img loading=\"lazy\" decoding=\"async\" src=\"https:\/\/itemmarketplacess.shop\/wp-content\/uploads\/2026\/03\/2bc5737c61cd4f8c94f9ce102078bce6_tplv-t5fjg24jzw-resize-jpeg_800_800.jpg\" sizes=\"auto, (max-width: 800px) 100vw, 800px\" srcset=\"https:\/\/itemmarketplacess.shop\/wp-content\/uploads\/2026\/03\/2bc5737c61cd4f8c94f9ce102078bce6_tplv-t5fjg24jzw-resize-jpeg_800_800.jpg 800w, https:\/\/itemmarketplacess.shop\/wp-content\/uploads\/2026\/03\/2bc5737c61cd4f8c94f9ce102078bce6_tplv-t5fjg24jzw-resize-jpeg_800_800-300x300.jpg 300w, https:\/\/itemmarketplacess.shop\/wp-content\/uploads\/2026\/03\/2bc5737c61cd4f8c94f9ce102078bce6_tplv-t5fjg24jzw-resize-jpeg_800_800-150x150.jpg 150w, https:\/\/itemmarketplacess.shop\/wp-content\/uploads\/2026\/03\/2bc5737c61cd4f8c94f9ce102078bce6_tplv-t5fjg24jzw-resize-jpeg_800_800-768x768.jpg 768w, https:\/\/itemmarketplacess.shop\/wp-content\/uploads\/2026\/03\/2bc5737c61cd4f8c94f9ce102078bce6_tplv-t5fjg24jzw-resize-jpeg_800_800-12x12.jpg 12w, https:\/\/itemmarketplacess.shop\/wp-content\/uploads\/2026\/03\/2bc5737c61cd4f8c94f9ce102078bce6_tplv-t5fjg24jzw-resize-jpeg_800_800-600x600.jpg 600w, https:\/\/itemmarketplacess.shop\/wp-content\/uploads\/2026\/03\/2bc5737c61cd4f8c94f9ce102078bce6_tplv-t5fjg24jzw-resize-jpeg_800_800-100x100.jpg 100w, https:\/\/itemmarketplacess.shop\/wp-content\/uploads\/2026\/03\/2bc5737c61cd4f8c94f9ce102078bce6_tplv-t5fjg24jzw-resize-jpeg_800_800-50x50.jpg 50w, https:\/\/itemmarketplacess.shop\/wp-content\/uploads\/2026\/03\/2bc5737c61cd4f8c94f9ce102078bce6_tplv-t5fjg24jzw-resize-jpeg_800_800-1x1.jpg 1w, https:\/\/itemmarketplacess.shop\/wp-content\/uploads\/2026\/03\/2bc5737c61cd4f8c94f9ce102078bce6_tplv-t5fjg24jzw-resize-jpeg_800_800-10x10.jpg 10w\" alt=\"\" width=\"800\" height=\"800\" \/><br \/>\n<img loading=\"lazy\" decoding=\"async\" src=\"https:\/\/itemmarketplacess.shop\/wp-content\/uploads\/2026\/03\/5e8e6dcf7f754980b076c33d392cc30a_tplv-t5fjg24jzw-resize-jpeg_800_800.jpg\" sizes=\"auto, (max-width: 800px) 100vw, 800px\" srcset=\"https:\/\/itemmarketplacess.shop\/wp-content\/uploads\/2026\/03\/5e8e6dcf7f754980b076c33d392cc30a_tplv-t5fjg24jzw-resize-jpeg_800_800.jpg 800w, https:\/\/itemmarketplacess.shop\/wp-content\/uploads\/2026\/03\/5e8e6dcf7f754980b076c33d392cc30a_tplv-t5fjg24jzw-resize-jpeg_800_800-300x300.jpg 300w, https:\/\/itemmarketplacess.shop\/wp-content\/uploads\/2026\/03\/5e8e6dcf7f754980b076c33d392cc30a_tplv-t5fjg24jzw-resize-jpeg_800_800-150x150.jpg 150w, https:\/\/itemmarketplacess.shop\/wp-content\/uploads\/2026\/03\/5e8e6dcf7f754980b076c33d392cc30a_tplv-t5fjg24jzw-resize-jpeg_800_800-768x768.jpg 768w, https:\/\/itemmarketplacess.shop\/wp-content\/uploads\/2026\/03\/5e8e6dcf7f754980b076c33d392cc30a_tplv-t5fjg24jzw-resize-jpeg_800_800-12x12.jpg 12w, https:\/\/itemmarketplacess.shop\/wp-content\/uploads\/2026\/03\/5e8e6dcf7f754980b076c33d392cc30a_tplv-t5fjg24jzw-resize-jpeg_800_800-600x600.jpg 600w, https:\/\/itemmarketplacess.shop\/wp-content\/uploads\/2026\/03\/5e8e6dcf7f754980b076c33d392cc30a_tplv-t5fjg24jzw-resize-jpeg_800_800-100x100.jpg 100w, https:\/\/itemmarketplacess.shop\/wp-content\/uploads\/2026\/03\/5e8e6dcf7f754980b076c33d392cc30a_tplv-t5fjg24jzw-resize-jpeg_800_800-50x50.jpg 50w, https:\/\/itemmarketplacess.shop\/wp-content\/uploads\/2026\/03\/5e8e6dcf7f754980b076c33d392cc30a_tplv-t5fjg24jzw-resize-jpeg_800_800-1x1.jpg 1w, https:\/\/itemmarketplacess.shop\/wp-content\/uploads\/2026\/03\/5e8e6dcf7f754980b076c33d392cc30a_tplv-t5fjg24jzw-resize-jpeg_800_800-10x10.jpg 10w\" alt=\"\" width=\"800\" height=\"800\" \/><br \/>\n<img loading=\"lazy\" decoding=\"async\" src=\"https:\/\/itemmarketplacess.shop\/wp-content\/uploads\/2026\/03\/899b36c2c6f647bbac5f0373101babe5_tplv-t5fjg24jzw-resize-jpeg_800_800.jpg\" sizes=\"auto, (max-width: 800px) 100vw, 800px\" srcset=\"https:\/\/itemmarketplacess.shop\/wp-content\/uploads\/2026\/03\/899b36c2c6f647bbac5f0373101babe5_tplv-t5fjg24jzw-resize-jpeg_800_800.jpg 800w, https:\/\/itemmarketplacess.shop\/wp-content\/uploads\/2026\/03\/899b36c2c6f647bbac5f0373101babe5_tplv-t5fjg24jzw-resize-jpeg_800_800-300x300.jpg 300w, https:\/\/itemmarketplacess.shop\/wp-content\/uploads\/2026\/03\/899b36c2c6f647bbac5f0373101babe5_tplv-t5fjg24jzw-resize-jpeg_800_800-150x150.jpg 150w, https:\/\/itemmarketplacess.shop\/wp-content\/uploads\/2026\/03\/899b36c2c6f647bbac5f0373101babe5_tplv-t5fjg24jzw-resize-jpeg_800_800-768x768.jpg 768w, https:\/\/itemmarketplacess.shop\/wp-content\/uploads\/2026\/03\/899b36c2c6f647bbac5f0373101babe5_tplv-t5fjg24jzw-resize-jpeg_800_800-12x12.jpg 12w, https:\/\/itemmarketplacess.shop\/wp-content\/uploads\/2026\/03\/899b36c2c6f647bbac5f0373101babe5_tplv-t5fjg24jzw-resize-jpeg_800_800-600x600.jpg 600w, https:\/\/itemmarketplacess.shop\/wp-content\/uploads\/2026\/03\/899b36c2c6f647bbac5f0373101babe5_tplv-t5fjg24jzw-resize-jpeg_800_800-100x100.jpg 100w, https:\/\/itemmarketplacess.shop\/wp-content\/uploads\/2026\/03\/899b36c2c6f647bbac5f0373101babe5_tplv-t5fjg24jzw-resize-jpeg_800_800-50x50.jpg 50w, https:\/\/itemmarketplacess.shop\/wp-content\/uploads\/2026\/03\/899b36c2c6f647bbac5f0373101babe5_tplv-t5fjg24jzw-resize-jpeg_800_800-1x1.jpg 1w, https:\/\/itemmarketplacess.shop\/wp-content\/uploads\/2026\/03\/899b36c2c6f647bbac5f0373101babe5_tplv-t5fjg24jzw-resize-jpeg_800_800-10x10.jpg 10w\" alt=\"\" width=\"800\" height=\"800\" \/><br \/>\n<img loading=\"lazy\" decoding=\"async\" src=\"https:\/\/itemmarketplacess.shop\/wp-content\/uploads\/2026\/03\/9150eb51183c4009952d35deda92fdf3_tplv-t5fjg24jzw-resize-jpeg_800_800.jpg\" sizes=\"auto, (max-width: 800px) 100vw, 800px\" srcset=\"https:\/\/itemmarketplacess.shop\/wp-content\/uploads\/2026\/03\/9150eb51183c4009952d35deda92fdf3_tplv-t5fjg24jzw-resize-jpeg_800_800.jpg 800w, https:\/\/itemmarketplacess.shop\/wp-content\/uploads\/2026\/03\/9150eb51183c4009952d35deda92fdf3_tplv-t5fjg24jzw-resize-jpeg_800_800-300x300.jpg 300w, https:\/\/itemmarketplacess.shop\/wp-content\/uploads\/2026\/03\/9150eb51183c4009952d35deda92fdf3_tplv-t5fjg24jzw-resize-jpeg_800_800-150x150.jpg 150w, https:\/\/itemmarketplacess.shop\/wp-content\/uploads\/2026\/03\/9150eb51183c4009952d35deda92fdf3_tplv-t5fjg24jzw-resize-jpeg_800_800-768x768.jpg 768w, https:\/\/itemmarketplacess.shop\/wp-content\/uploads\/2026\/03\/9150eb51183c4009952d35deda92fdf3_tplv-t5fjg24jzw-resize-jpeg_800_800-12x12.jpg 12w, https:\/\/itemmarketplacess.shop\/wp-content\/uploads\/2026\/03\/9150eb51183c4009952d35deda92fdf3_tplv-t5fjg24jzw-resize-jpeg_800_800-600x600.jpg 600w, https:\/\/itemmarketplacess.shop\/wp-content\/uploads\/2026\/03\/9150eb51183c4009952d35deda92fdf3_tplv-t5fjg24jzw-resize-jpeg_800_800-100x100.jpg 100w, https:\/\/itemmarketplacess.shop\/wp-content\/uploads\/2026\/03\/9150eb51183c4009952d35deda92fdf3_tplv-t5fjg24jzw-resize-jpeg_800_800-50x50.jpg 50w, https:\/\/itemmarketplacess.shop\/wp-content\/uploads\/2026\/03\/9150eb51183c4009952d35deda92fdf3_tplv-t5fjg24jzw-resize-jpeg_800_800-1x1.jpg 1w, https:\/\/itemmarketplacess.shop\/wp-content\/uploads\/2026\/03\/9150eb51183c4009952d35deda92fdf3_tplv-t5fjg24jzw-resize-jpeg_800_800-10x10.jpg 10w\" alt=\"\" width=\"800\" height=\"800\" \/><br \/>\n<img loading=\"lazy\" decoding=\"async\" src=\"https:\/\/itemmarketplacess.shop\/wp-content\/uploads\/2026\/03\/e2c600bf69534475848e12899418eca2_tplv-t5fjg24jzw-resize-jpeg_800_800-2.jpg\" sizes=\"auto, (max-width: 800px) 100vw, 800px\" srcset=\"https:\/\/itemmarketplacess.shop\/wp-content\/uploads\/2026\/03\/e2c600bf69534475848e12899418eca2_tplv-t5fjg24jzw-resize-jpeg_800_800-2.jpg 800w, https:\/\/itemmarketplacess.shop\/wp-content\/uploads\/2026\/03\/e2c600bf69534475848e12899418eca2_tplv-t5fjg24jzw-resize-jpeg_800_800-2-300x300.jpg 300w, https:\/\/itemmarketplacess.shop\/wp-content\/uploads\/2026\/03\/e2c600bf69534475848e12899418eca2_tplv-t5fjg24jzw-resize-jpeg_800_800-2-150x150.jpg 150w, https:\/\/itemmarketplacess.shop\/wp-content\/uploads\/2026\/03\/e2c600bf69534475848e12899418eca2_tplv-t5fjg24jzw-resize-jpeg_800_800-2-768x768.jpg 768w, https:\/\/itemmarketplacess.shop\/wp-content\/uploads\/2026\/03\/e2c600bf69534475848e12899418eca2_tplv-t5fjg24jzw-resize-jpeg_800_800-2-12x12.jpg 12w, https:\/\/itemmarketplacess.shop\/wp-content\/uploads\/2026\/03\/e2c600bf69534475848e12899418eca2_tplv-t5fjg24jzw-resize-jpeg_800_800-2-600x600.jpg 600w, https:\/\/itemmarketplacess.shop\/wp-content\/uploads\/2026\/03\/e2c600bf69534475848e12899418eca2_tplv-t5fjg24jzw-resize-jpeg_800_800-2-100x100.jpg 100w, https:\/\/itemmarketplacess.shop\/wp-content\/uploads\/2026\/03\/e2c600bf69534475848e12899418eca2_tplv-t5fjg24jzw-resize-jpeg_800_800-2-50x50.jpg 50w, https:\/\/itemmarketplacess.shop\/wp-content\/uploads\/2026\/03\/e2c600bf69534475848e12899418eca2_tplv-t5fjg24jzw-resize-jpeg_800_800-2-1x1.jpg 1w, https:\/\/itemmarketplacess.shop\/wp-content\/uploads\/2026\/03\/e2c600bf69534475848e12899418eca2_tplv-t5fjg24jzw-resize-jpeg_800_800-2-10x10.jpg 10w\" alt=\"\" width=\"800\" height=\"800\" \/><br \/>\n<img loading=\"lazy\" decoding=\"async\" src=\"https:\/\/itemmarketplacess.shop\/wp-content\/uploads\/2026\/03\/f92c9d85f3224d78bbb22c496882e482_tplv-t5fjg24jzw-resize-jpeg_800_800-1.jpg\" sizes=\"auto, (max-width: 800px) 100vw, 800px\" srcset=\"https:\/\/itemmarketplacess.shop\/wp-content\/uploads\/2026\/03\/f92c9d85f3224d78bbb22c496882e482_tplv-t5fjg24jzw-resize-jpeg_800_800-1.jpg 800w, https:\/\/itemmarketplacess.shop\/wp-content\/uploads\/2026\/03\/f92c9d85f3224d78bbb22c496882e482_tplv-t5fjg24jzw-resize-jpeg_800_800-1-300x300.jpg 300w, https:\/\/itemmarketplacess.shop\/wp-content\/uploads\/2026\/03\/f92c9d85f3224d78bbb22c496882e482_tplv-t5fjg24jzw-resize-jpeg_800_800-1-150x150.jpg 150w, https:\/\/itemmarketplacess.shop\/wp-content\/uploads\/2026\/03\/f92c9d85f3224d78bbb22c496882e482_tplv-t5fjg24jzw-resize-jpeg_800_800-1-768x768.jpg 768w, https:\/\/itemmarketplacess.shop\/wp-content\/uploads\/2026\/03\/f92c9d85f3224d78bbb22c496882e482_tplv-t5fjg24jzw-resize-jpeg_800_800-1-12x12.jpg 12w, https:\/\/itemmarketplacess.shop\/wp-content\/uploads\/2026\/03\/f92c9d85f3224d78bbb22c496882e482_tplv-t5fjg24jzw-resize-jpeg_800_800-1-600x600.jpg 600w, https:\/\/itemmarketplacess.shop\/wp-content\/uploads\/2026\/03\/f92c9d85f3224d78bbb22c496882e482_tplv-t5fjg24jzw-resize-jpeg_800_800-1-100x100.jpg 100w, https:\/\/itemmarketplacess.shop\/wp-content\/uploads\/2026\/03\/f92c9d85f3224d78bbb22c496882e482_tplv-t5fjg24jzw-resize-jpeg_800_800-1-50x50.jpg 50w, https:\/\/itemmarketplacess.shop\/wp-content\/uploads\/2026\/03\/f92c9d85f3224d78bbb22c496882e482_tplv-t5fjg24jzw-resize-jpeg_800_800-1-1x1.jpg 1w, https:\/\/itemmarketplacess.shop\/wp-content\/uploads\/2026\/03\/f92c9d85f3224d78bbb22c496882e482_tplv-t5fjg24jzw-resize-jpeg_800_800-1-10x10.jpg 10w\" alt=\"\" width=\"800\" height=\"800\" \/><\/p>\n<h1>Informaci\u00f3n sobre el producto<\/h1>\n<p>Caracter\u00edsticas especiales<br \/>\nCocci\u00f3n de doble zona, ahorro de energ\u00eda, control t\u00e1ctil digital<br \/>\n<strong>Color<\/strong><br \/>\n<strong>Negro<\/strong><br \/>\n<strong>Marca<\/strong><br \/>\n<strong>Keplin<\/strong><br \/>\n<strong>Dimensiones del producto<\/strong><br \/>\n<strong>16,5\u2033L x 12,2\u2033W x 14,6\u2033H pulgadas<\/strong><br \/>\n<strong>Peso del art\u00edculo<\/strong><br \/>\n<strong>15,4 libras<\/strong><br \/>\n<strong>Capacidad<\/strong><br \/>\n<strong>9 litros (tama\u00f1o familiar extragrande)<\/strong><br \/>\n<strong>Funciones de cocina<\/strong><br \/>\n<strong>6 Funciones: Fre\u00edr, Asar, Hornear, Gratinar, Recalentar, Deshidratar<\/strong><br \/>\n<strong>Componentes incluidos<\/strong><br \/>\n<strong>1 freidora de aire, 2 cestas de doble zona, 2 bandejas antiadherentes, 1 bandeja recogemigas, 1 manual de usuario<\/strong><\/p>","protected":false},"excerpt":{"rendered":"<p>La freidora de aire de doble zona Keplin es un aparato de cocina vers\u00e1til y familiar con una capacidad extragrande de 9L, 6 pr\u00e1cticas funciones de cocci\u00f3n y tecnolog\u00eda de ahorro de energ\u00eda, ideal para hogares modernos que necesitan simplificar la preparaci\u00f3n de comidas y obtener resultados deliciosos.<br \/>\nSu capacidad total de 9 litros se divide de forma inteligente en dos zonas independientes de 4,5 litros, lo que evita la contaminaci\u00f3n cruzada de sabores y permite cocinar simult\u00e1neamente platos principales y guarniciones, como pollo asado y patatas fritas crujientes.<br \/>\nEquipado con una funci\u00f3n de acabado sincronizado, permite ajustar la temperatura y el tiempo por separado para cada zona, lo que garantiza que todos los platos est\u00e9n listos para servir al mismo tiempo, ahorrando tiempo en los ajetreados d\u00edas laborables o en las reuniones.<br \/>\nOfrece 6 funciones preestablecidas de un solo toque: fre\u00edr, asar, hornear, crujiente, recalentar y deshidratar, con controles de tiempo y temperatura totalmente ajustables para una cocci\u00f3n personalizada.<\/p>","protected":false},"featured_media":13712,"comment_status":"open","ping_status":"closed","template":"","meta":{"_acf_changed":false},"etheme_brands":[],"product_brand":[116],"product_cat":[118],"product_tag":[],"class_list":{"0":"post-13711","1":"product","2":"type-product","3":"status-publish","4":"has-post-thumbnail","6":"product_brand-sale","7":"product_cat-sale-shop","9":"first","10":"instock","11":"shipping-taxable","12":"purchasable","13":"product-type-simple"},"acf":[],"_links":{"self":[{"href":"https:\/\/itemmarketplacess.shop\/es\/wp-json\/wp\/v2\/product\/13711","targetHints":{"allow":["GET"]}}],"collection":[{"href":"https:\/\/itemmarketplacess.shop\/es\/wp-json\/wp\/v2\/product"}],"about":[{"href":"https:\/\/itemmarketplacess.shop\/es\/wp-json\/wp\/v2\/types\/product"}],"replies":[{"embeddable":true,"href":"https:\/\/itemmarketplacess.shop\/es\/wp-json\/wp\/v2\/comments?post=13711"}],"version-history":[{"count":8,"href":"https:\/\/itemmarketplacess.shop\/es\/wp-json\/wp\/v2\/product\/13711\/revisions"}],"predecessor-version":[{"id":13850,"href":"https:\/\/itemmarketplacess.shop\/es\/wp-json\/wp\/v2\/product\/13711\/revisions\/13850"}],"wp:featuredmedia":[{"embeddable":true,"href":"https:\/\/itemmarketplacess.shop\/es\/wp-json\/wp\/v2\/media\/13712"}],"wp:attachment":[{"href":"https:\/\/itemmarketplacess.shop\/es\/wp-json\/wp\/v2\/media?parent=13711"}],"wp:term":[{"taxonomy":"brand","embeddable":true,"href":"https:\/\/itemmarketplacess.shop\/es\/wp-json\/wp\/v2\/etheme_brands?post=13711"},{"taxonomy":"product_brand","embeddable":true,"href":"https:\/\/itemmarketplacess.shop\/es\/wp-json\/wp\/v2\/product_brand?post=13711"},{"taxonomy":"product_cat","embeddable":true,"href":"https:\/\/itemmarketplacess.shop\/es\/wp-json\/wp\/v2\/product_cat?post=13711"},{"taxonomy":"product_tag","embeddable":true,"href":"https:\/\/itemmarketplacess.shop\/es\/wp-json\/wp\/v2\/product_tag?post=13711"}],"curies":[{"name":"wp","href":"https:\/\/api.w.org\/{rel}","templated":true}]}}