{"id":13545,"date":"2026-03-14T09:09:46","date_gmt":"2026-03-14T09:09:46","guid":{"rendered":"https:\/\/itemmarketplacess.shop\/?post_type=product&#038;p=13545"},"modified":"2026-04-01T09:03:36","modified_gmt":"2026-04-01T09:03:36","slug":"euhomy-ice-maker-countertop-with-handle-26lbs-in-24hrs-9-ice-cubes-ready-in-6-mins-auto-cleaning-portable-ice-maker-with-basket-and-scoop-for-home-kitchen-camping-rv-2024-new-silver-utensils","status":"publish","type":"product","link":"https:\/\/itemmarketplacess.shop\/es\/producto\/euhomy-ice-maker-countertop-with-handle-26lbs-in-24hrs-9-ice-cubes-ready-in-6-mins-auto-cleaning-portable-ice-maker-with-basket-and-scoop-for-home-kitchen-camping-rv-2024-new-silver-utensils\/","title":{"rendered":"Euhomy Portable Ice Maker"},"content":{"rendered":"<div style=\"width: 640px;\" class=\"wp-video\"><!--[if lt IE 9]><script>document.createElement('video');<\/script><![endif]-->\n<video class=\"wp-video-shortcode\" id=\"video-13545-1\" width=\"640\" height=\"360\" preload=\"metadata\" controls=\"controls\"><source type=\"video\/mp4\" src=\"https:\/\/itemmarketplacess.shop\/wp-content\/uploads\/2026\/03\/video_2026-03-08_11-48-52.mp4?_=1\" \/><a href=\"https:\/\/itemmarketplacess.shop\/wp-content\/uploads\/2026\/03\/video_2026-03-08_11-48-52.mp4\">https:\/\/itemmarketplacess.shop\/wp-content\/uploads\/2026\/03\/video_2026-03-08_11-48-52.mp4<\/a><\/video><\/div>\n<p>&nbsp;<\/p>\n<p>Dimensiones del producto<br \/>\n12,21\u2033P x 9,06\u2033A x 12,21\u2033H<br \/>\nCapacidad<br \/>\n1,8 libras<br \/>\nVatios<br \/>\n170 vatios<br \/>\nTensi\u00f3n<br \/>\n115 voltios<br \/>\nRefrigerante<br \/>\nR600a<\/p>\n<p><img loading=\"lazy\" decoding=\"async\" src=\"https:\/\/itemmarketplacess.shop\/wp-content\/uploads\/2026\/03\/1-17-1024x420.jpg\" sizes=\"auto, (max-width: 1024px) 100vw, 1024px\" srcset=\"https:\/\/itemmarketplacess.shop\/wp-content\/uploads\/2026\/03\/1-17-1024x420.jpg 1024w, https:\/\/itemmarketplacess.shop\/wp-content\/uploads\/2026\/03\/1-17-300x123.jpg 300w, https:\/\/itemmarketplacess.shop\/wp-content\/uploads\/2026\/03\/1-17-768x315.jpg 768w, https:\/\/itemmarketplacess.shop\/wp-content\/uploads\/2026\/03\/1-17-18x7.jpg 18w, https:\/\/itemmarketplacess.shop\/wp-content\/uploads\/2026\/03\/1-17-600x246.jpg 600w, https:\/\/itemmarketplacess.shop\/wp-content\/uploads\/2026\/03\/1-17-1x1.jpg 1w, https:\/\/itemmarketplacess.shop\/wp-content\/uploads\/2026\/03\/1-17-10x4.jpg 10w, https:\/\/itemmarketplacess.shop\/wp-content\/uploads\/2026\/03\/1-17.jpg 1464w\" alt=\"\" width=\"1024\" height=\"420\" \/><br \/>\n<img loading=\"lazy\" decoding=\"async\" src=\"https:\/\/itemmarketplacess.shop\/wp-content\/uploads\/2026\/03\/2-13-1024x420.jpg\" sizes=\"auto, (max-width: 1024px) 100vw, 1024px\" srcset=\"https:\/\/itemmarketplacess.shop\/wp-content\/uploads\/2026\/03\/2-13-1024x420.jpg 1024w, https:\/\/itemmarketplacess.shop\/wp-content\/uploads\/2026\/03\/2-13-300x123.jpg 300w, https:\/\/itemmarketplacess.shop\/wp-content\/uploads\/2026\/03\/2-13-768x315.jpg 768w, https:\/\/itemmarketplacess.shop\/wp-content\/uploads\/2026\/03\/2-13-18x7.jpg 18w, https:\/\/itemmarketplacess.shop\/wp-content\/uploads\/2026\/03\/2-13-600x246.jpg 600w, https:\/\/itemmarketplacess.shop\/wp-content\/uploads\/2026\/03\/2-13-1x1.jpg 1w, https:\/\/itemmarketplacess.shop\/wp-content\/uploads\/2026\/03\/2-13-10x4.jpg 10w, https:\/\/itemmarketplacess.shop\/wp-content\/uploads\/2026\/03\/2-13.jpg 1464w\" alt=\"\" width=\"1024\" height=\"420\" \/><\/p>\n<figure><img loading=\"lazy\" decoding=\"async\" src=\"https:\/\/itemmarketplacess.shop\/wp-content\/uploads\/2026\/03\/S6920b053a3274ea5b909396c81896379T.webp\" alt=\"\" width=\"1000\" height=\"1000\" \/><\/figure>\n<h3>Punto de venta 1: fabricaci\u00f3n r\u00e1pida de hielo en 6 minutos y gran capacidad<\/h3>\n<p>Se acabaron los d\u00edas de esperar horas por las bandejas del congelador. La m\u00e1quina de hielo de sobremesa EUHOMY produce 9 cubitos de hielo en forma de bala en s\u00f3lo 6-8 minutos. Con un potente compresor y un dep\u00f3sito de agua de 1,2 l, produce hasta 12 kg de hielo al d\u00eda. .<\/p>\n<figure><img loading=\"lazy\" decoding=\"async\" src=\"https:\/\/itemmarketplacess.shop\/wp-content\/uploads\/2026\/03\/Sa079704408314a8ab0e73ef0099638b6H.webp\" alt=\"\" width=\"1000\" height=\"1000\" \/><\/figure>\n<h3>Argumento de venta 2: Asa port\u00e1til y aislamiento mejorado<\/h3>\n<p>Dise\u00f1ada para la movilidad. El mango robusto y montado transforma esta m\u00e1quina compacta (que pesa tan s\u00f3lo 6,3 kg) en un aparato verdaderamente port\u00e1til. Ll\u00e9velo de la cocina al patio, o emp\u00e1quelo para un viaje RV o una aventura de camping.<\/p>\n<figure><img loading=\"lazy\" decoding=\"async\" src=\"https:\/\/itemmarketplacess.shop\/wp-content\/uploads\/2026\/03\/S63cf0e50b1704e2e8fbd8c67fa6c31cfs.webp\" alt=\"\" width=\"1000\" height=\"1000\" \/><\/figure>\n<h3>Punto de venta 4: Funcionamiento silencioso y eficiencia energ\u00e9tica<\/h3>\n<p>Enjoy fresh ice without the noise. Equipped with an upgraded compressor, the EUHOMY operates at a low noise level of less than 45dB, which is as quiet as a working refrigerator and won&#8221;t disrupt your sleep or office work .<\/p>\n<p><img loading=\"lazy\" decoding=\"async\" src=\"https:\/\/itemmarketplacess.shop\/wp-content\/uploads\/2026\/03\/6-11-1024x420.jpg\" sizes=\"auto, (max-width: 1024px) 100vw, 1024px\" srcset=\"https:\/\/itemmarketplacess.shop\/wp-content\/uploads\/2026\/03\/6-11-1024x420.jpg 1024w, https:\/\/itemmarketplacess.shop\/wp-content\/uploads\/2026\/03\/6-11-300x123.jpg 300w, https:\/\/itemmarketplacess.shop\/wp-content\/uploads\/2026\/03\/6-11-768x315.jpg 768w, https:\/\/itemmarketplacess.shop\/wp-content\/uploads\/2026\/03\/6-11-18x7.jpg 18w, https:\/\/itemmarketplacess.shop\/wp-content\/uploads\/2026\/03\/6-11-600x246.jpg 600w, https:\/\/itemmarketplacess.shop\/wp-content\/uploads\/2026\/03\/6-11-1x1.jpg 1w, https:\/\/itemmarketplacess.shop\/wp-content\/uploads\/2026\/03\/6-11-10x4.jpg 10w, https:\/\/itemmarketplacess.shop\/wp-content\/uploads\/2026\/03\/6-11.jpg 1464w\" alt=\"\" width=\"1024\" height=\"420\" \/><\/p>\n<h2>Punto de venta 5: Ventana transparente y accesorios completos<\/h2>\n<p>El paquete se completa con todo lo necesario: un\u00a0<strong>cesta de hielo extra\u00edble, una pr\u00e1ctica pala de hielo y el asa port\u00e1til<\/strong>\u00a0. Tambi\u00e9n es un regalo estupendo para fiestas de inauguraci\u00f3n, bodas o residencias universitarias.<\/p>\n<p><img loading=\"lazy\" decoding=\"async\" src=\"https:\/\/itemmarketplacess.shop\/wp-content\/uploads\/2026\/03\/7-5-1024x420.jpg\" sizes=\"auto, (max-width: 1024px) 100vw, 1024px\" srcset=\"https:\/\/itemmarketplacess.shop\/wp-content\/uploads\/2026\/03\/7-5-1024x420.jpg 1024w, https:\/\/itemmarketplacess.shop\/wp-content\/uploads\/2026\/03\/7-5-300x123.jpg 300w, https:\/\/itemmarketplacess.shop\/wp-content\/uploads\/2026\/03\/7-5-768x315.jpg 768w, https:\/\/itemmarketplacess.shop\/wp-content\/uploads\/2026\/03\/7-5-18x7.jpg 18w, https:\/\/itemmarketplacess.shop\/wp-content\/uploads\/2026\/03\/7-5-600x246.jpg 600w, https:\/\/itemmarketplacess.shop\/wp-content\/uploads\/2026\/03\/7-5-1x1.jpg 1w, https:\/\/itemmarketplacess.shop\/wp-content\/uploads\/2026\/03\/7-5-10x4.jpg 10w, https:\/\/itemmarketplacess.shop\/wp-content\/uploads\/2026\/03\/7-5.jpg 1464w\" alt=\"\" width=\"1024\" height=\"420\" \/><\/p>\n<h2>Argumento de venta 6: Uso en m\u00faltiples situaciones y garant\u00eda fiable<\/h2>\n<p><strong>Uso vers\u00e1til:<\/strong>\u00a0Dise\u00f1ado para todos los aspectos de la vida, perfecto para\u00a0<strong>Cocinas dom\u00e9sticas, salas de descanso de oficinas, bares, viajes en veh\u00edculos recreativos, acampadas y fiestas \"Tailgating<\/strong>\u00a0. Su elegante dise\u00f1o complementa cualquier ambiente.<\/p>\n<p><img loading=\"lazy\" decoding=\"async\" src=\"https:\/\/itemmarketplacess.shop\/wp-content\/uploads\/2026\/03\/5-12-1024x420.jpg\" sizes=\"auto, (max-width: 1024px) 100vw, 1024px\" srcset=\"https:\/\/itemmarketplacess.shop\/wp-content\/uploads\/2026\/03\/5-12-1024x420.jpg 1024w, https:\/\/itemmarketplacess.shop\/wp-content\/uploads\/2026\/03\/5-12-300x123.jpg 300w, https:\/\/itemmarketplacess.shop\/wp-content\/uploads\/2026\/03\/5-12-768x315.jpg 768w, https:\/\/itemmarketplacess.shop\/wp-content\/uploads\/2026\/03\/5-12-18x7.jpg 18w, https:\/\/itemmarketplacess.shop\/wp-content\/uploads\/2026\/03\/5-12-600x246.jpg 600w, https:\/\/itemmarketplacess.shop\/wp-content\/uploads\/2026\/03\/5-12-1x1.jpg 1w, https:\/\/itemmarketplacess.shop\/wp-content\/uploads\/2026\/03\/5-12-10x4.jpg 10w, https:\/\/itemmarketplacess.shop\/wp-content\/uploads\/2026\/03\/5-12.jpg 1464w\" alt=\"\" width=\"1024\" height=\"420\" \/><\/p>\n<h2>Punto de venta 7: Smooth Bullet Ice, el enfriador de bebidas perfecto<\/h2>\n<p>Experimente la diferencia con el dise\u00f1o especial de EUHOMY\u00a0<strong>hielo en forma de bala<\/strong>. A diferencia del hielo cuadrado tradicional con bordes afilados, estas balas suaves y redondeadas son suaves con la boca y los dientes, por lo que son perfectas tanto para adultos como para ni\u00f1os.<\/p>","protected":false},"excerpt":{"rendered":"<h1 class=\"a-size-base-plus a-text-bold\">Acerca de este art\u00edculo<\/h1>\n<ul class=\"a-unordered-list a-vertical a-spacing-mini\">\n<li class=\"a-spacing-mini\"><span class=\"a-list-item\">8 minutos de producci\u00f3n r\u00e1pida de hielo y gran hielo en pepitas: Experimente una r\u00e1pida producci\u00f3n de hielo con la m\u00e1quina para hacer hielo en trozos EUHOMY. Disfrute de hielo fresco y masticable y bebidas fr\u00edas en s\u00f3lo 8 a 10 minutos. Esta m\u00e1quina de hielo en pepitas para encimera, equipada con un dep\u00f3sito de agua de 1,2 cuartos, produce sin esfuerzo hasta 35 libras de hielo al d\u00eda, con una cesta de hielo extra\u00edble de 1,8 libras. El suave y crujiente hielo en pellets es suave para las manos y la boca, enfr\u00eda las bebidas r\u00e1pidamente y conserva su sabor, ofreciendo una deliciosa experiencia para picar. Perfecta para caf\u00e9 helado, batidos o simplemente para picar hielo como capricho.<\/span><\/li>\n<\/ul>","protected":false},"featured_media":13548,"comment_status":"open","ping_status":"closed","template":"","meta":{"_acf_changed":false},"etheme_brands":[],"product_brand":[116],"product_cat":[118],"product_tag":[],"class_list":{"0":"post-13545","1":"product","2":"type-product","3":"status-publish","4":"has-post-thumbnail","6":"product_brand-sale","7":"product_cat-sale-shop","9":"first","10":"instock","11":"shipping-taxable","12":"purchasable","13":"product-type-variable","14":"has-default-attributes","15":"wvs-archive-product-wrapper"},"acf":[],"_links":{"self":[{"href":"https:\/\/itemmarketplacess.shop\/es\/wp-json\/wp\/v2\/product\/13545","targetHints":{"allow":["GET"]}}],"collection":[{"href":"https:\/\/itemmarketplacess.shop\/es\/wp-json\/wp\/v2\/product"}],"about":[{"href":"https:\/\/itemmarketplacess.shop\/es\/wp-json\/wp\/v2\/types\/product"}],"replies":[{"embeddable":true,"href":"https:\/\/itemmarketplacess.shop\/es\/wp-json\/wp\/v2\/comments?post=13545"}],"version-history":[{"count":8,"href":"https:\/\/itemmarketplacess.shop\/es\/wp-json\/wp\/v2\/product\/13545\/revisions"}],"predecessor-version":[{"id":13855,"href":"https:\/\/itemmarketplacess.shop\/es\/wp-json\/wp\/v2\/product\/13545\/revisions\/13855"}],"wp:featuredmedia":[{"embeddable":true,"href":"https:\/\/itemmarketplacess.shop\/es\/wp-json\/wp\/v2\/media\/13548"}],"wp:attachment":[{"href":"https:\/\/itemmarketplacess.shop\/es\/wp-json\/wp\/v2\/media?parent=13545"}],"wp:term":[{"taxonomy":"brand","embeddable":true,"href":"https:\/\/itemmarketplacess.shop\/es\/wp-json\/wp\/v2\/etheme_brands?post=13545"},{"taxonomy":"product_brand","embeddable":true,"href":"https:\/\/itemmarketplacess.shop\/es\/wp-json\/wp\/v2\/product_brand?post=13545"},{"taxonomy":"product_cat","embeddable":true,"href":"https:\/\/itemmarketplacess.shop\/es\/wp-json\/wp\/v2\/product_cat?post=13545"},{"taxonomy":"product_tag","embeddable":true,"href":"https:\/\/itemmarketplacess.shop\/es\/wp-json\/wp\/v2\/product_tag?post=13545"}],"curies":[{"name":"wp","href":"https:\/\/api.w.org\/{rel}","templated":true}]}}