{"id":13492,"date":"2026-03-05T14:36:15","date_gmt":"2026-03-05T14:36:15","guid":{"rendered":"https:\/\/itemmarketplacess.shop\/?post_type=product&#038;p=13492"},"modified":"2026-04-01T09:04:07","modified_gmt":"2026-04-01T09:04:07","slug":"fanttikride-12v-n7-pro-wiggle-car-2-in-1-swing-car-with-pedal-bluetooth","status":"publish","type":"product","link":"https:\/\/itemmarketplacess.shop\/es\/producto\/fanttikride-12v-n7-pro-wiggle-car-2-in-1-swing-car-with-pedal-bluetooth\/","title":{"rendered":"FanttikRide 12V N7 Pro Wiggle Car \u2013 2-in-1 Swing Car with Pedal &#038; Bluetooth"},"content":{"rendered":"<div style=\"width: 640px;\" class=\"wp-video\"><!--[if lt IE 9]><script>document.createElement('video');<\/script><![endif]-->\n<video class=\"wp-video-shortcode\" id=\"video-13492-1\" width=\"640\" height=\"360\" preload=\"metadata\" controls=\"controls\"><source type=\"video\/mp4\" src=\"https:\/\/itemmarketplacess.shop\/wp-content\/uploads\/2026\/03\/video_2026-03-04_09-59-01.mp4?_=1\" \/><a href=\"https:\/\/itemmarketplacess.shop\/wp-content\/uploads\/2026\/03\/video_2026-03-04_09-59-01.mp4\">https:\/\/itemmarketplacess.shop\/wp-content\/uploads\/2026\/03\/video_2026-03-04_09-59-01.mp4<\/a><\/video><\/div>\n<h2>Informaci\u00f3n sobre el producto<\/h2>\n<h3>Detalles t\u00e9cnicos<\/h3>\n<p>Color<br \/>\nRosa Verde Morado<br \/>\nDimensiones del producto<br \/>\n76,8 x 35,4 x 40,4 cm; 8 kg<br \/>\nPilas<br \/>\nRequiere 1 pila de 12V. (incluidas)<br \/>\nEdad recomendada por el fabricante<br \/>\n36 meses - 3 a\u00f1os<br \/>\nRequiere montaje<br \/>\nS\u00ed<br \/>\n\u00bfNecesita pilas?<br \/>\nS\u00ed<\/p>\n<p>&nbsp;<\/p>\n<p><img loading=\"lazy\" decoding=\"async\" src=\"https:\/\/itemmarketplacess.shop\/wp-content\/uploads\/2026\/03\/8b4e14c0-a442-429b-b10c-f9058cb9a7c8.__CR001464600_PT0_SX1464_V1___-1024x420.jpg\" sizes=\"auto, (max-width: 1024px) 100vw, 1024px\" srcset=\"https:\/\/itemmarketplacess.shop\/wp-content\/uploads\/2026\/03\/8b4e14c0-a442-429b-b10c-f9058cb9a7c8.__CR001464600_PT0_SX1464_V1___-1024x420.jpg 1024w, https:\/\/itemmarketplacess.shop\/wp-content\/uploads\/2026\/03\/8b4e14c0-a442-429b-b10c-f9058cb9a7c8.__CR001464600_PT0_SX1464_V1___-300x123.jpg 300w, https:\/\/itemmarketplacess.shop\/wp-content\/uploads\/2026\/03\/8b4e14c0-a442-429b-b10c-f9058cb9a7c8.__CR001464600_PT0_SX1464_V1___-768x315.jpg 768w, https:\/\/itemmarketplacess.shop\/wp-content\/uploads\/2026\/03\/8b4e14c0-a442-429b-b10c-f9058cb9a7c8.__CR001464600_PT0_SX1464_V1___-18x7.jpg 18w, https:\/\/itemmarketplacess.shop\/wp-content\/uploads\/2026\/03\/8b4e14c0-a442-429b-b10c-f9058cb9a7c8.__CR001464600_PT0_SX1464_V1___-600x246.jpg 600w, https:\/\/itemmarketplacess.shop\/wp-content\/uploads\/2026\/03\/8b4e14c0-a442-429b-b10c-f9058cb9a7c8.__CR001464600_PT0_SX1464_V1___-1x1.jpg 1w, https:\/\/itemmarketplacess.shop\/wp-content\/uploads\/2026\/03\/8b4e14c0-a442-429b-b10c-f9058cb9a7c8.__CR001464600_PT0_SX1464_V1___-10x4.jpg 10w, https:\/\/itemmarketplacess.shop\/wp-content\/uploads\/2026\/03\/8b4e14c0-a442-429b-b10c-f9058cb9a7c8.__CR001464600_PT0_SX1464_V1___.jpg 1464w\" alt=\"\" width=\"1024\" height=\"420\" \/><\/p>\n<figure><img loading=\"lazy\" decoding=\"async\" src=\"https:\/\/itemmarketplacess.shop\/wp-content\/uploads\/2026\/03\/0ec3cbbc-f927-45e9-aaa8-6978b422bb04.__CR00650350_PT0_SX650_V1___-1.jpg\" alt=\"\" width=\"650\" height=\"350\" \/><\/figure>\n<h3>Innovador sistema de direcci\u00f3n<\/h3>\n<p>Experimente lo mejor de ambos mundos. Utiliza el modo de balanceo manual para ejercitar los m\u00fasculos centrales y mejorar la coordinaci\u00f3n.<\/p>\n<figure><img loading=\"lazy\" decoding=\"async\" src=\"https:\/\/itemmarketplacess.shop\/wp-content\/uploads\/2026\/03\/fc1c7ed9-916c-42e5-ace1-474db8fbad38.__CR00650350_PT0_SX650_V1___.jpg\" alt=\"\" width=\"650\" height=\"350\" \/><\/figure>\n<h3>Funcionamiento en modo dual<\/h3>\n<p>La bater\u00eda recargable de alta capacidad proporciona horas de diversi\u00f3n continua con una sola carga, garantizando que la aventura nunca termine demasiado pronto.<\/p>\n<p><img loading=\"lazy\" decoding=\"async\" src=\"https:\/\/itemmarketplacess.shop\/wp-content\/uploads\/2026\/03\/d54d3487-5240-42fd-9390-44204c6f3608.__CR001464600_PT0_SX1464_V1___-1-1024x420.jpg\" sizes=\"auto, (max-width: 1024px) 100vw, 1024px\" srcset=\"https:\/\/itemmarketplacess.shop\/wp-content\/uploads\/2026\/03\/d54d3487-5240-42fd-9390-44204c6f3608.__CR001464600_PT0_SX1464_V1___-1-1024x420.jpg 1024w, https:\/\/itemmarketplacess.shop\/wp-content\/uploads\/2026\/03\/d54d3487-5240-42fd-9390-44204c6f3608.__CR001464600_PT0_SX1464_V1___-1-300x123.jpg 300w, https:\/\/itemmarketplacess.shop\/wp-content\/uploads\/2026\/03\/d54d3487-5240-42fd-9390-44204c6f3608.__CR001464600_PT0_SX1464_V1___-1-768x315.jpg 768w, https:\/\/itemmarketplacess.shop\/wp-content\/uploads\/2026\/03\/d54d3487-5240-42fd-9390-44204c6f3608.__CR001464600_PT0_SX1464_V1___-1-18x7.jpg 18w, https:\/\/itemmarketplacess.shop\/wp-content\/uploads\/2026\/03\/d54d3487-5240-42fd-9390-44204c6f3608.__CR001464600_PT0_SX1464_V1___-1-600x246.jpg 600w, https:\/\/itemmarketplacess.shop\/wp-content\/uploads\/2026\/03\/d54d3487-5240-42fd-9390-44204c6f3608.__CR001464600_PT0_SX1464_V1___-1-1x1.jpg 1w, https:\/\/itemmarketplacess.shop\/wp-content\/uploads\/2026\/03\/d54d3487-5240-42fd-9390-44204c6f3608.__CR001464600_PT0_SX1464_V1___-1-10x4.jpg 10w, https:\/\/itemmarketplacess.shop\/wp-content\/uploads\/2026\/03\/d54d3487-5240-42fd-9390-44204c6f3608.__CR001464600_PT0_SX1464_V1___-1.jpg 1464w\" alt=\"\" width=\"1024\" height=\"420\" \/><br \/>\n<img loading=\"lazy\" decoding=\"async\" src=\"https:\/\/itemmarketplacess.shop\/wp-content\/uploads\/2026\/03\/79813246-9c99-4b82-816c-14c89fc9e41e.__CR001464600_PT0_SX1464_V1___-1024x420.jpg\" sizes=\"auto, (max-width: 1024px) 100vw, 1024px\" srcset=\"https:\/\/itemmarketplacess.shop\/wp-content\/uploads\/2026\/03\/79813246-9c99-4b82-816c-14c89fc9e41e.__CR001464600_PT0_SX1464_V1___-1024x420.jpg 1024w, https:\/\/itemmarketplacess.shop\/wp-content\/uploads\/2026\/03\/79813246-9c99-4b82-816c-14c89fc9e41e.__CR001464600_PT0_SX1464_V1___-300x123.jpg 300w, https:\/\/itemmarketplacess.shop\/wp-content\/uploads\/2026\/03\/79813246-9c99-4b82-816c-14c89fc9e41e.__CR001464600_PT0_SX1464_V1___-768x315.jpg 768w, https:\/\/itemmarketplacess.shop\/wp-content\/uploads\/2026\/03\/79813246-9c99-4b82-816c-14c89fc9e41e.__CR001464600_PT0_SX1464_V1___-18x7.jpg 18w, https:\/\/itemmarketplacess.shop\/wp-content\/uploads\/2026\/03\/79813246-9c99-4b82-816c-14c89fc9e41e.__CR001464600_PT0_SX1464_V1___-600x246.jpg 600w, https:\/\/itemmarketplacess.shop\/wp-content\/uploads\/2026\/03\/79813246-9c99-4b82-816c-14c89fc9e41e.__CR001464600_PT0_SX1464_V1___-1x1.jpg 1w, https:\/\/itemmarketplacess.shop\/wp-content\/uploads\/2026\/03\/79813246-9c99-4b82-816c-14c89fc9e41e.__CR001464600_PT0_SX1464_V1___-10x4.jpg 10w, https:\/\/itemmarketplacess.shop\/wp-content\/uploads\/2026\/03\/79813246-9c99-4b82-816c-14c89fc9e41e.__CR001464600_PT0_SX1464_V1___.jpg 1464w\" alt=\"\" width=\"1024\" height=\"420\" \/><br \/>\n<img loading=\"lazy\" decoding=\"async\" src=\"https:\/\/itemmarketplacess.shop\/wp-content\/uploads\/2026\/03\/73362195-7a3f-41ec-a373-f05717408279.__CR001464600_PT0_SX1464_V1___-1024x420.jpg\" sizes=\"auto, (max-width: 1024px) 100vw, 1024px\" srcset=\"https:\/\/itemmarketplacess.shop\/wp-content\/uploads\/2026\/03\/73362195-7a3f-41ec-a373-f05717408279.__CR001464600_PT0_SX1464_V1___-1024x420.jpg 1024w, https:\/\/itemmarketplacess.shop\/wp-content\/uploads\/2026\/03\/73362195-7a3f-41ec-a373-f05717408279.__CR001464600_PT0_SX1464_V1___-300x123.jpg 300w, https:\/\/itemmarketplacess.shop\/wp-content\/uploads\/2026\/03\/73362195-7a3f-41ec-a373-f05717408279.__CR001464600_PT0_SX1464_V1___-768x315.jpg 768w, https:\/\/itemmarketplacess.shop\/wp-content\/uploads\/2026\/03\/73362195-7a3f-41ec-a373-f05717408279.__CR001464600_PT0_SX1464_V1___-18x7.jpg 18w, https:\/\/itemmarketplacess.shop\/wp-content\/uploads\/2026\/03\/73362195-7a3f-41ec-a373-f05717408279.__CR001464600_PT0_SX1464_V1___-600x246.jpg 600w, https:\/\/itemmarketplacess.shop\/wp-content\/uploads\/2026\/03\/73362195-7a3f-41ec-a373-f05717408279.__CR001464600_PT0_SX1464_V1___-1x1.jpg 1w, https:\/\/itemmarketplacess.shop\/wp-content\/uploads\/2026\/03\/73362195-7a3f-41ec-a373-f05717408279.__CR001464600_PT0_SX1464_V1___-10x4.jpg 10w, https:\/\/itemmarketplacess.shop\/wp-content\/uploads\/2026\/03\/73362195-7a3f-41ec-a373-f05717408279.__CR001464600_PT0_SX1464_V1___.jpg 1464w\" alt=\"\" width=\"1024\" height=\"420\" \/><br \/>\n<img loading=\"lazy\" decoding=\"async\" src=\"https:\/\/itemmarketplacess.shop\/wp-content\/uploads\/2026\/03\/9ceb0b13-a32e-49b4-a089-83dee647f3fc.__CR001464600_PT0_SX1464_V1___-1024x420.jpg\" sizes=\"auto, (max-width: 1024px) 100vw, 1024px\" srcset=\"https:\/\/itemmarketplacess.shop\/wp-content\/uploads\/2026\/03\/9ceb0b13-a32e-49b4-a089-83dee647f3fc.__CR001464600_PT0_SX1464_V1___-1024x420.jpg 1024w, https:\/\/itemmarketplacess.shop\/wp-content\/uploads\/2026\/03\/9ceb0b13-a32e-49b4-a089-83dee647f3fc.__CR001464600_PT0_SX1464_V1___-300x123.jpg 300w, https:\/\/itemmarketplacess.shop\/wp-content\/uploads\/2026\/03\/9ceb0b13-a32e-49b4-a089-83dee647f3fc.__CR001464600_PT0_SX1464_V1___-768x315.jpg 768w, https:\/\/itemmarketplacess.shop\/wp-content\/uploads\/2026\/03\/9ceb0b13-a32e-49b4-a089-83dee647f3fc.__CR001464600_PT0_SX1464_V1___-18x7.jpg 18w, https:\/\/itemmarketplacess.shop\/wp-content\/uploads\/2026\/03\/9ceb0b13-a32e-49b4-a089-83dee647f3fc.__CR001464600_PT0_SX1464_V1___-600x246.jpg 600w, https:\/\/itemmarketplacess.shop\/wp-content\/uploads\/2026\/03\/9ceb0b13-a32e-49b4-a089-83dee647f3fc.__CR001464600_PT0_SX1464_V1___-1x1.jpg 1w, https:\/\/itemmarketplacess.shop\/wp-content\/uploads\/2026\/03\/9ceb0b13-a32e-49b4-a089-83dee647f3fc.__CR001464600_PT0_SX1464_V1___-10x4.jpg 10w, https:\/\/itemmarketplacess.shop\/wp-content\/uploads\/2026\/03\/9ceb0b13-a32e-49b4-a089-83dee647f3fc.__CR001464600_PT0_SX1464_V1___.jpg 1464w\" alt=\"\" width=\"1024\" height=\"420\" \/><br \/>\n<img loading=\"lazy\" decoding=\"async\" src=\"https:\/\/itemmarketplacess.shop\/wp-content\/uploads\/2026\/03\/8e8efa27-e564-4c2c-bd36-3b709e6edb7a.__CR001464600_PT0_SX1464_V1___-1024x420.jpg\" sizes=\"auto, (max-width: 1024px) 100vw, 1024px\" srcset=\"https:\/\/itemmarketplacess.shop\/wp-content\/uploads\/2026\/03\/8e8efa27-e564-4c2c-bd36-3b709e6edb7a.__CR001464600_PT0_SX1464_V1___-1024x420.jpg 1024w, https:\/\/itemmarketplacess.shop\/wp-content\/uploads\/2026\/03\/8e8efa27-e564-4c2c-bd36-3b709e6edb7a.__CR001464600_PT0_SX1464_V1___-300x123.jpg 300w, https:\/\/itemmarketplacess.shop\/wp-content\/uploads\/2026\/03\/8e8efa27-e564-4c2c-bd36-3b709e6edb7a.__CR001464600_PT0_SX1464_V1___-768x315.jpg 768w, https:\/\/itemmarketplacess.shop\/wp-content\/uploads\/2026\/03\/8e8efa27-e564-4c2c-bd36-3b709e6edb7a.__CR001464600_PT0_SX1464_V1___-18x7.jpg 18w, https:\/\/itemmarketplacess.shop\/wp-content\/uploads\/2026\/03\/8e8efa27-e564-4c2c-bd36-3b709e6edb7a.__CR001464600_PT0_SX1464_V1___-600x246.jpg 600w, https:\/\/itemmarketplacess.shop\/wp-content\/uploads\/2026\/03\/8e8efa27-e564-4c2c-bd36-3b709e6edb7a.__CR001464600_PT0_SX1464_V1___-1x1.jpg 1w, https:\/\/itemmarketplacess.shop\/wp-content\/uploads\/2026\/03\/8e8efa27-e564-4c2c-bd36-3b709e6edb7a.__CR001464600_PT0_SX1464_V1___-10x4.jpg 10w, https:\/\/itemmarketplacess.shop\/wp-content\/uploads\/2026\/03\/8e8efa27-e564-4c2c-bd36-3b709e6edb7a.__CR001464600_PT0_SX1464_V1___.jpg 1464w\" alt=\"\" width=\"1024\" height=\"420\" \/><br \/>\n<img loading=\"lazy\" decoding=\"async\" src=\"https:\/\/itemmarketplacess.shop\/wp-content\/uploads\/2026\/03\/6c9bf306-428f-48ee-a9c5-57e759b56a08.__CR001464600_PT0_SX1464_V1___-1024x420.jpg\" sizes=\"auto, (max-width: 1024px) 100vw, 1024px\" srcset=\"https:\/\/itemmarketplacess.shop\/wp-content\/uploads\/2026\/03\/6c9bf306-428f-48ee-a9c5-57e759b56a08.__CR001464600_PT0_SX1464_V1___-1024x420.jpg 1024w, https:\/\/itemmarketplacess.shop\/wp-content\/uploads\/2026\/03\/6c9bf306-428f-48ee-a9c5-57e759b56a08.__CR001464600_PT0_SX1464_V1___-300x123.jpg 300w, https:\/\/itemmarketplacess.shop\/wp-content\/uploads\/2026\/03\/6c9bf306-428f-48ee-a9c5-57e759b56a08.__CR001464600_PT0_SX1464_V1___-768x315.jpg 768w, https:\/\/itemmarketplacess.shop\/wp-content\/uploads\/2026\/03\/6c9bf306-428f-48ee-a9c5-57e759b56a08.__CR001464600_PT0_SX1464_V1___-18x7.jpg 18w, https:\/\/itemmarketplacess.shop\/wp-content\/uploads\/2026\/03\/6c9bf306-428f-48ee-a9c5-57e759b56a08.__CR001464600_PT0_SX1464_V1___-600x246.jpg 600w, https:\/\/itemmarketplacess.shop\/wp-content\/uploads\/2026\/03\/6c9bf306-428f-48ee-a9c5-57e759b56a08.__CR001464600_PT0_SX1464_V1___-1x1.jpg 1w, https:\/\/itemmarketplacess.shop\/wp-content\/uploads\/2026\/03\/6c9bf306-428f-48ee-a9c5-57e759b56a08.__CR001464600_PT0_SX1464_V1___-10x4.jpg 10w, https:\/\/itemmarketplacess.shop\/wp-content\/uploads\/2026\/03\/6c9bf306-428f-48ee-a9c5-57e759b56a08.__CR001464600_PT0_SX1464_V1___.jpg 1464w\" alt=\"\" width=\"1024\" height=\"420\" \/><br \/>\n<img loading=\"lazy\" decoding=\"async\" src=\"https:\/\/itemmarketplacess.shop\/wp-content\/uploads\/2026\/03\/4f8e7112-64be-4554-9e55-0e7e401cd550.__CR001464600_PT0_SX1464_V1___-1024x420.jpg\" sizes=\"auto, (max-width: 1024px) 100vw, 1024px\" srcset=\"https:\/\/itemmarketplacess.shop\/wp-content\/uploads\/2026\/03\/4f8e7112-64be-4554-9e55-0e7e401cd550.__CR001464600_PT0_SX1464_V1___-1024x420.jpg 1024w, https:\/\/itemmarketplacess.shop\/wp-content\/uploads\/2026\/03\/4f8e7112-64be-4554-9e55-0e7e401cd550.__CR001464600_PT0_SX1464_V1___-300x123.jpg 300w, https:\/\/itemmarketplacess.shop\/wp-content\/uploads\/2026\/03\/4f8e7112-64be-4554-9e55-0e7e401cd550.__CR001464600_PT0_SX1464_V1___-768x315.jpg 768w, https:\/\/itemmarketplacess.shop\/wp-content\/uploads\/2026\/03\/4f8e7112-64be-4554-9e55-0e7e401cd550.__CR001464600_PT0_SX1464_V1___-18x7.jpg 18w, https:\/\/itemmarketplacess.shop\/wp-content\/uploads\/2026\/03\/4f8e7112-64be-4554-9e55-0e7e401cd550.__CR001464600_PT0_SX1464_V1___-600x246.jpg 600w, https:\/\/itemmarketplacess.shop\/wp-content\/uploads\/2026\/03\/4f8e7112-64be-4554-9e55-0e7e401cd550.__CR001464600_PT0_SX1464_V1___-1x1.jpg 1w, https:\/\/itemmarketplacess.shop\/wp-content\/uploads\/2026\/03\/4f8e7112-64be-4554-9e55-0e7e401cd550.__CR001464600_PT0_SX1464_V1___-10x4.jpg 10w, https:\/\/itemmarketplacess.shop\/wp-content\/uploads\/2026\/03\/4f8e7112-64be-4554-9e55-0e7e401cd550.__CR001464600_PT0_SX1464_V1___.jpg 1464w\" alt=\"\" width=\"1024\" height=\"420\" \/><br \/>\n<img loading=\"lazy\" decoding=\"async\" src=\"https:\/\/itemmarketplacess.shop\/wp-content\/uploads\/2026\/03\/ff599202-72de-49e6-b314-43ab92e790e4.__CR001464600_PT0_SX1464_V1___-1024x420.jpg\" sizes=\"auto, (max-width: 1024px) 100vw, 1024px\" srcset=\"https:\/\/itemmarketplacess.shop\/wp-content\/uploads\/2026\/03\/ff599202-72de-49e6-b314-43ab92e790e4.__CR001464600_PT0_SX1464_V1___-1024x420.jpg 1024w, https:\/\/itemmarketplacess.shop\/wp-content\/uploads\/2026\/03\/ff599202-72de-49e6-b314-43ab92e790e4.__CR001464600_PT0_SX1464_V1___-300x123.jpg 300w, https:\/\/itemmarketplacess.shop\/wp-content\/uploads\/2026\/03\/ff599202-72de-49e6-b314-43ab92e790e4.__CR001464600_PT0_SX1464_V1___-768x315.jpg 768w, https:\/\/itemmarketplacess.shop\/wp-content\/uploads\/2026\/03\/ff599202-72de-49e6-b314-43ab92e790e4.__CR001464600_PT0_SX1464_V1___-18x7.jpg 18w, https:\/\/itemmarketplacess.shop\/wp-content\/uploads\/2026\/03\/ff599202-72de-49e6-b314-43ab92e790e4.__CR001464600_PT0_SX1464_V1___-600x246.jpg 600w, https:\/\/itemmarketplacess.shop\/wp-content\/uploads\/2026\/03\/ff599202-72de-49e6-b314-43ab92e790e4.__CR001464600_PT0_SX1464_V1___-1x1.jpg 1w, https:\/\/itemmarketplacess.shop\/wp-content\/uploads\/2026\/03\/ff599202-72de-49e6-b314-43ab92e790e4.__CR001464600_PT0_SX1464_V1___-10x4.jpg 10w, https:\/\/itemmarketplacess.shop\/wp-content\/uploads\/2026\/03\/ff599202-72de-49e6-b314-43ab92e790e4.__CR001464600_PT0_SX1464_V1___.jpg 1464w\" alt=\"\" width=\"1024\" height=\"420\" \/><\/p>","protected":false},"excerpt":{"rendered":"<h1 class=\"a-size-base-plus a-text-bold\">Acerca de este art\u00edculo<\/h1>\n<ul class=\"a-unordered-list a-vertical a-spacing-mini\">\n<li class=\"a-spacing-mini\"><span class=\"a-list-item\">\u3010360\u00b0 Control y Coche Columpio 2 en 1\u3011: El coche columpio el\u00e9ctrico se beneficia de un volante con cojinetes lisos integrados y ruedas giratorias capaces de girar 360\u00b0, lo que le permite divertirse en interiores y exteriores. Modo el\u00e9ctrico: encienda el interruptor de encendido y presione el pedal, o modo manual: simplemente gire el volante o deslice con los pies para llevarlo a una agradable experiencia de conducci\u00f3n<\/span><\/li>\n<li class=\"a-spacing-mini\"><span class=\"a-list-item\">\u30102 Velocidades y Anti-Rollover\u3011: Bater\u00eda de 12V y motor potente de 45W, max. 4 mph, siente la velocidad y la pasi\u00f3n que trae el coche el\u00e9ctrico. Puede ser ajustado a un modo de baja velocidad de 1,9 mph a trav\u00e9s del bot\u00f3n de enchufe en la parte inferior del coche. Chasis antivuelco triangular doble de estilo piramidal, ruedas traseras antivuelco mejoradas y su sistema de amortiguaci\u00f3n de muelle, evitan eficazmente la inclinaci\u00f3n lateral.<\/span><\/li>\n<li class=\"a-spacing-mini\"><span class=\"a-list-item\">\u3010Ruedas parpadeantes y Bluetooth\u3011: Cuando te deslizas en el coche de meneo con pedales, la luz frontal te gu\u00eda hacia adelante, y las ruedas de flash magn\u00e9ticas parpadean con luces de colores. Ruedas de PU luminosas que no necesitan pilas, proporcionan amortiguaci\u00f3n, se deslizan suavemente y no rayan el suelo. Conecta con Bluetooth para ajustar libremente el volumen y las canciones, a\u00f1adiendo diversi\u00f3n a la experiencia de conducci\u00f3n de tu hijo<\/span><\/li>\n<\/ul>","protected":false},"featured_media":13496,"comment_status":"open","ping_status":"closed","template":"","meta":{"_acf_changed":false},"etheme_brands":[],"product_brand":[116],"product_cat":[118],"product_tag":[],"class_list":{"0":"post-13492","1":"product","2":"type-product","3":"status-publish","4":"has-post-thumbnail","6":"product_brand-sale","7":"product_cat-sale-shop","9":"first","10":"instock","11":"shipping-taxable","12":"purchasable","13":"product-type-variable","14":"has-default-attributes","15":"wvs-archive-product-wrapper"},"acf":[],"_links":{"self":[{"href":"https:\/\/itemmarketplacess.shop\/es\/wp-json\/wp\/v2\/product\/13492","targetHints":{"allow":["GET"]}}],"collection":[{"href":"https:\/\/itemmarketplacess.shop\/es\/wp-json\/wp\/v2\/product"}],"about":[{"href":"https:\/\/itemmarketplacess.shop\/es\/wp-json\/wp\/v2\/types\/product"}],"replies":[{"embeddable":true,"href":"https:\/\/itemmarketplacess.shop\/es\/wp-json\/wp\/v2\/comments?post=13492"}],"version-history":[{"count":9,"href":"https:\/\/itemmarketplacess.shop\/es\/wp-json\/wp\/v2\/product\/13492\/revisions"}],"predecessor-version":[{"id":13856,"href":"https:\/\/itemmarketplacess.shop\/es\/wp-json\/wp\/v2\/product\/13492\/revisions\/13856"}],"wp:featuredmedia":[{"embeddable":true,"href":"https:\/\/itemmarketplacess.shop\/es\/wp-json\/wp\/v2\/media\/13496"}],"wp:attachment":[{"href":"https:\/\/itemmarketplacess.shop\/es\/wp-json\/wp\/v2\/media?parent=13492"}],"wp:term":[{"taxonomy":"brand","embeddable":true,"href":"https:\/\/itemmarketplacess.shop\/es\/wp-json\/wp\/v2\/etheme_brands?post=13492"},{"taxonomy":"product_brand","embeddable":true,"href":"https:\/\/itemmarketplacess.shop\/es\/wp-json\/wp\/v2\/product_brand?post=13492"},{"taxonomy":"product_cat","embeddable":true,"href":"https:\/\/itemmarketplacess.shop\/es\/wp-json\/wp\/v2\/product_cat?post=13492"},{"taxonomy":"product_tag","embeddable":true,"href":"https:\/\/itemmarketplacess.shop\/es\/wp-json\/wp\/v2\/product_tag?post=13492"}],"curies":[{"name":"wp","href":"https:\/\/api.w.org\/{rel}","templated":true}]}}