{"id":12291,"date":"2026-01-22T16:39:14","date_gmt":"2026-01-22T16:39:14","guid":{"rendered":"https:\/\/itemmarketplacess.shop\/?page_id=12291"},"modified":"2026-01-23T12:48:11","modified_gmt":"2026-01-23T12:48:11","slug":"delivery-information","status":"publish","type":"page","link":"https:\/\/itemmarketplacess.shop\/es\/delivery-information\/","title":{"rendered":"Informaci\u00f3n de entrega"},"content":{"rendered":"<div data-elementor-type=\"wp-page\" data-elementor-id=\"12291\" class=\"elementor elementor-12291\" data-elementor-post-type=\"page\">\n\t\t\t\t<div class=\"elementor-element elementor-element-e967f25 e-flex e-con-boxed e-con e-parent\" data-id=\"e967f25\" data-element_type=\"container\" data-settings=\"{&quot;ekit_has_onepagescroll_dot&quot;:&quot;yes&quot;}\">\n\t\t\t\t\t<div class=\"e-con-inner\">\n\t\t\t\t<div class=\"elementor-element elementor-element-03cc1e7 elementor-widget elementor-widget-html\" data-id=\"03cc1e7\" data-element_type=\"widget\" data-settings=\"{&quot;ekit_we_effect_on&quot;:&quot;none&quot;}\" data-widget_type=\"html.default\">\n\t\t\t\t<div class=\"elementor-widget-container\">\n\t\t\t\t\t<section style=\"  max-width: 1100px;  margin: 60px auto;  padding: 60px 40px;  background: #FFF7F3;  border-radius: 16px;  font-family: -apple-system, BlinkMacSystemFont, 'Segoe UI', Roboto, Arial, sans-serif;  color: #333;\">\r\n\r\n  <!-- \u6807\u9898 -->\r\n  <h1 style=\"    font-size: 40px;    font-weight: 800;    color: #E95D2A;    margin-bottom: 40px;  \">\r\n    Pol\u00edtica de env\u00edos y devoluciones\r\n  <\/h1>\r\n\r\n  <!-- Shipping Information -->\r\n  <div style=\"margin-bottom: 50px;\">\r\n    <h2 style=\"      font-size: 28px;      font-weight: 700;      color: #E95D2A;      margin-bottom: 20px;    \">\r\n      \ud83d\ude9a Informaci\u00f3n de env\u00edo\r\n    <\/h2>\r\n\r\n    <div style=\"      background: #fff;      padding: 32px;      border-radius: 14px;      box-shadow: 0 8px 24px rgba(233, 93, 42, 0.12);    \">\r\n\r\n      <p><strong>Tiempo de tramitaci\u00f3n:<\/strong> Una vez efectuado el pago, embalaremos y enviaremos su pedido en un plazo de <strong>1-2 d\u00edas laborables<\/strong> (excluidos los d\u00edas festivos).<\/p>\r\n\r\n      <p><strong>Tiempo estimado de entrega:<\/strong> El plazo medio de entrega en todo el pa\u00eds es de <strong>3-7 d\u00edas<\/strong>. Las zonas remotas pueden requerir <strong>5-7 d\u00edas<\/strong>. Siempre damos prioridad a los proveedores log\u00edsticos fiables.<\/p>\r\n\r\n      <p><strong>Seguimiento log\u00edstico:<\/strong> Una vez enviado su pedido, recibir\u00e1 un n\u00famero de seguimiento para controlar el estado de su entrega en tiempo real.<\/p>\r\n\r\n      <p><strong>Pol\u00edtica de env\u00edos:<\/strong> Los pedidos que superen un determinado importe se beneficiar\u00e1n de <strong>env\u00edo gratuito<\/strong>.  \r\n      Los pedidos por debajo del umbral m\u00ednimo incurrir\u00e1n en gastos de env\u00edo razonables (consulte la p\u00e1gina de pago para obtener m\u00e1s informaci\u00f3n).<\/p>\r\n\r\n    <\/div>\r\n  <\/div>\r\n\r\n  <!-- Return & Exchange Policy -->\r\n  <div>\r\n    <h2 style=\"      font-size: 28px;      font-weight: 700;      color: #E95D2A;      margin-bottom: 20px;    \">\r\n      \ud83d\udd04 Pol\u00edtica de cambios y devoluciones\r\n    <\/h2>\r\n\r\n    <div style=\"      background: #fff;      padding: 32px;      border-radius: 14px;      box-shadow: 0 8px 24px rgba(233, 93, 42, 0.12);    \">\r\n\r\n      <p><strong>Plazo de devoluci\u00f3n:<\/strong> Apoyamos <strong>Cambios y devoluciones sin motivo en 30 d\u00edas<\/strong>, calculado a partir de la fecha de recepci\u00f3n.<\/p>\r\n\r\n      <p><strong>Condiciones de devoluci\u00f3n:<\/strong><\/p>\r\n      <ul style=\"padding-left: 20px; line-height: 1.7;\">\r\n        <li>Los productos deben estar sin usar, sin da\u00f1os y en su embalaje original.<\/li>\r\n        <li>Debe incluirse la factura original y todos los accesorios.<\/li>\r\n      <\/ul>\r\n\r\n      <p><strong>Gastos de env\u00edo:<\/strong> Para las devoluciones sin motivo, cubrimos el <strong>gastos de env\u00edo de ida y vuelta<\/strong>.<\/p>\r\n\r\n      <p><strong>Cuestiones de calidad:<\/strong> Si el producto presenta un problema de calidad, le proporcionaremos un <strong>sustituci\u00f3n gratuita o reembolso completo<\/strong>.<\/p>\r\n\r\n      <p><strong>Proceso de reembolso:<\/strong><\/p>\r\n      <ol style=\"padding-left: 20px; line-height: 1.7;\">\r\n        <li>P\u00f3ngase en contacto con el servicio de atenci\u00f3n al cliente para iniciar una solicitud de devoluci\u00f3n.<\/li>\r\n        <li>Le proporcionaremos una direcci\u00f3n de devoluci\u00f3n y una etiqueta prepagada.<\/li>\r\n        <li>Tras la inspecci\u00f3n y confirmaci\u00f3n, los reembolsos se efectuar\u00e1n a la forma de pago original en el plazo de <strong>1-3 d\u00edas laborables<\/strong>.<\/li>\r\n      <\/ol>\r\n\r\n    <\/div>\r\n  <\/div>\r\n\r\n  <!-- \u5e95\u90e8\u5f3a\u8c03 -->\r\n  <div style=\"    margin-top: 50px;    padding: 28px;    background: #FFE2D7;    border-radius: 12px;    text-align: center;  \">\r\n    <p style=\"      font-size: 18px;      margin: 0;      font-weight: 600;      color: #E95D2A;    \">\r\n      Nos comprometemos a proporcionarle una experiencia de compra segura, r\u00e1pida y sin preocupaciones.\r\n    <\/p>\r\n    <p style=\"margin-top: 10px;\">\r\n      Si tiene alguna pregunta, no dude en ponerse en contacto con nuestro equipo de atenci\u00f3n al cliente.\r\n    <\/p>\r\n  <\/div>\r\n\r\n<\/section>\r\n\t\t\t\t<\/div>\n\t\t\t\t<\/div>\n\t\t\t\t\t<\/div>\n\t\t\t\t<\/div>\n\t\t\t\t<\/div>","protected":false},"excerpt":{"rendered":"<p>Shipping &#038; Return Policy \ud83d\ude9a Shipping Information Processing Time: After successful payment, we will pack and ship your order within&#8230;<\/p>","protected":false},"author":1,"featured_media":0,"parent":0,"menu_order":0,"comment_status":"closed","ping_status":"closed","template":"","meta":{"_acf_changed":false,"footnotes":""},"class_list":["post-12291","page","type-page","status-publish","hentry"],"acf":[],"_links":{"self":[{"href":"https:\/\/itemmarketplacess.shop\/es\/wp-json\/wp\/v2\/pages\/12291","targetHints":{"allow":["GET"]}}],"collection":[{"href":"https:\/\/itemmarketplacess.shop\/es\/wp-json\/wp\/v2\/pages"}],"about":[{"href":"https:\/\/itemmarketplacess.shop\/es\/wp-json\/wp\/v2\/types\/page"}],"author":[{"embeddable":true,"href":"https:\/\/itemmarketplacess.shop\/es\/wp-json\/wp\/v2\/users\/1"}],"replies":[{"embeddable":true,"href":"https:\/\/itemmarketplacess.shop\/es\/wp-json\/wp\/v2\/comments?post=12291"}],"version-history":[{"count":11,"href":"https:\/\/itemmarketplacess.shop\/es\/wp-json\/wp\/v2\/pages\/12291\/revisions"}],"predecessor-version":[{"id":12470,"href":"https:\/\/itemmarketplacess.shop\/es\/wp-json\/wp\/v2\/pages\/12291\/revisions\/12470"}],"wp:attachment":[{"href":"https:\/\/itemmarketplacess.shop\/es\/wp-json\/wp\/v2\/media?parent=12291"}],"curies":[{"name":"wp","href":"https:\/\/api.w.org\/{rel}","templated":true}]}}